{"id":380,"date":"2025-09-09T08:35:40","date_gmt":"2025-09-09T06:35:40","guid":{"rendered":"https:\/\/betacarotene-dankam.com\/product\/beta-carotene-powder\/"},"modified":"2025-09-19T12:17:20","modified_gmt":"2025-09-19T10:17:20","slug":"beta-carotinpulver","status":"publish","type":"product","link":"https:\/\/betacarotene-dankam.com\/de\/produkt\/beta-carotinpulver\/","title":{"rendered":"Beta-Carotinpulver"},"content":{"rendered":"<p>Beta-Carotin-Pulver ist mikroverkapselt und dadurch rieself\u00e4hig, ideal zum einfachen Mischen und f\u00fcr verbesserte Stabilit\u00e4t in Trockenmischungen. Das Produkt ist in Konzentrationen von 1 % bis 10 % erh\u00e4ltlich, weitere Konzentrationen k\u00f6nnen je nach Kundenwunsch angepasst werden. Es eignet sich f\u00fcr den Einsatz in Trockenfuttermischungen, Nahrungserg\u00e4nzungsmitteln und Nutraceuticals.<\/p>\n<ul>\n<li>Verf\u00fcgbare Konzentrationen: 1 %, 10 %, andere auf Anfrage<\/li>\n<li>Mikroverkapseltes, rieself\u00e4higes Pulver<\/li>\n<li>Kaltwasserl\u00f6slich (CWS)<\/li>\n<li>GMO-frei, vegan, konform mit EU-Vorschriften<\/li>\n<li>Geeignet f\u00fcr Lebensmittel und Nahrungserg\u00e4nzungsmittel<\/li>\n<\/ul>\n","protected":false},"excerpt":{"rendered":"<p>Beta-Carotin-Pulver ist mikroverkapselt und dadurch rieself\u00e4hig, ideal zum einfachen Mischen und f\u00fcr verbesserte Stabilit\u00e4t in Trockenmischungen. Das Produkt ist in Konzentrationen von 1 % bis 10 % erh\u00e4ltlich, weitere Konzentrationen k\u00f6nnen je nach Kundenwunsch angepasst werden. Es eignet sich f\u00fcr den Einsatz in Trockenfuttermischungen, Nahrungserg\u00e4nzungsmitteln und Nutraceuticals. Verf\u00fcgbare Konzentrationen: 1 %, 10 %, andere auf [&hellip;]<\/p>\n","protected":false},"author":1,"featured_media":327,"parent":0,"menu_order":4,"template":"","format":"standard","meta":{"_acf_changed":false,"footnotes":""},"class_list":["post-380","product","type-product","status-publish","format-standard","has-post-thumbnail","hentry"],"acf":[],"_links":{"self":[{"href":"https:\/\/betacarotene-dankam.com\/de\/wp-json\/wp\/v2\/product\/380","targetHints":{"allow":["GET"]}}],"collection":[{"href":"https:\/\/betacarotene-dankam.com\/de\/wp-json\/wp\/v2\/product"}],"about":[{"href":"https:\/\/betacarotene-dankam.com\/de\/wp-json\/wp\/v2\/types\/product"}],"author":[{"embeddable":true,"href":"https:\/\/betacarotene-dankam.com\/de\/wp-json\/wp\/v2\/users\/1"}],"version-history":[{"count":2,"href":"https:\/\/betacarotene-dankam.com\/de\/wp-json\/wp\/v2\/product\/380\/revisions"}],"predecessor-version":[{"id":383,"href":"https:\/\/betacarotene-dankam.com\/de\/wp-json\/wp\/v2\/product\/380\/revisions\/383"}],"wp:featuredmedia":[{"embeddable":true,"href":"https:\/\/betacarotene-dankam.com\/de\/wp-json\/wp\/v2\/media\/327"}],"wp:attachment":[{"href":"https:\/\/betacarotene-dankam.com\/de\/wp-json\/wp\/v2\/media?parent=380"}],"curies":[{"name":"wp","href":"https:\/\/api.w.org\/{rel}","templated":true}]}}